{"id":180,"date":"2026-03-04T10:18:03","date_gmt":"2026-03-04T09:18:03","guid":{"rendered":"http:\/\/generalisanjuan.com\/?page_id=180"},"modified":"2026-04-07T11:59:58","modified_gmt":"2026-04-07T09:59:58","slug":"quienes-somos","status":"publish","type":"page","link":"https:\/\/generalisanjuan.com\/index.php\/quienes-somos\/","title":{"rendered":"Qui\u00e9nes somos"},"content":{"rendered":"<div class=\"et_pb_section_0 et_pb_section et_section_regular et_block_section\">\n<div class=\"et_pb_row_0 et_pb_row et_block_row\">\n<div class=\"et_pb_column_0 et_pb_column et_pb_column_4_4 et-last-child et_block_column et_pb_css_mix_blend_mode_passthrough\">\n<div class=\"et_pb_heading_0 et_pb_heading et_pb_module et_flex_module preset--module--divi-heading--default\"><div class=\"et_pb_heading_container\"><h2 class=\"et_pb_module_header\">Qui\u00e9nes Somos<\/h2><\/div><\/div>\n\n<div class=\"et_pb_text_0 et_pb_text et_pb_bg_layout_light et_pb_module et_flex_module preset--module--divi-text--default\"><div class=\"et_pb_text_inner\"><p>Descubre la trayectoria de GENERALI<\/p>\n<\/div><\/div>\n<\/div>\n<\/div>\n\n<div class=\"et_pb_row_1 et_pb_row et_flex_row\">\n<div class=\"et_pb_column_1 et_pb_column et-last-child et_flex_column et_pb_css_mix_blend_mode_passthrough et_flex_column_24_24 et_flex_column_24_24_tablet et_flex_column_24_24_phone\">\n<div class=\"et_pb_heading_1 et_pb_heading et_pb_module et_flex_module preset--module--divi-heading--default\"><div class=\"et_pb_heading_container\"><\/div><\/div>\n<\/div>\n<\/div>\n<\/div>\n\n<div class=\"et_pb_section_1 et_pb_section et_section_regular et_flex_section\">\n<div class=\"et_pb_row_2 et_pb_row et_flex_row\">\n<div class=\"et_pb_column_2 et_pb_column et-last-child et_flex_column et_pb_css_mix_blend_mode_passthrough et_flex_column_24_24 et_flex_column_24_24_tablet et_flex_column_24_24_phone\">\n<div class=\"et_pb_heading_2 et_pb_heading et_pb_module et_flex_module preset--module--divi-heading--default\"><div class=\"et_pb_heading_container\"><h2 class=\"et_pb_module_header\">S\u00edmbolo de excelencia<\/h2><\/div><\/div>\n\n<div class=\"et_pb_text_1 et_pb_text et_pb_bg_layout_light et_pb_module et_flex_module preset--module--divi-text--default\"><div class=\"et_pb_text_inner\"><div class=\"field__item\">\n<div class=\"paragraph paragraph--type--text paragraph--view-mode--default c_text\" id=\"\">\n<div class=\"subtext\">\n<p class=\"text-align-center\" style=\"text-align: center;\"><span style=\"color: #000000;\">Una Compa\u00f1\u00eda con m\u00e1s de 170 a\u00f1os de historia, que ha sabido adaptarse a las exigencias del mercado y que hoy es l\u00edder en el mercado de los seguros, la asistencia y los servicios financieros.<\/span><\/p>\n<\/div>\n<\/div>\n<\/div>\n<div class=\"field__item\">\n<section class=\"paragraph paragraph--type--banner-numbers paragraph--view-mode--default banner_numbers\">\n<div class=\"banner-numbers-container\">\n<div class=\"banner-numbers-wrapper\"><\/div>\n<\/div>\n<\/section>\n<\/div>\n<\/div><\/div>\n<\/div>\n<\/div>\n<\/div>\n\n<div class=\"et_pb_section_2 et_pb_section et_section_regular et_flex_section\">\n<div class=\"et_pb_row_3 et_pb_row et_flex_row\">\n<div class=\"et_pb_column_3 et_pb_column et_flex_column et_pb_css_mix_blend_mode_passthrough et_flex_column_12_24 et_flex_column_12_24_tablet et_flex_column_24_24_phone\">\n<div class=\"et_pb_heading_3 et_pb_heading et_pb_module et_flex_module preset--module--divi-heading--default\"><div class=\"et_pb_heading_container\"><h2 class=\"et_pb_module_header\">68 MILLONES+<\/h2><\/div><\/div>\n<\/div>\n\n<div class=\"et_pb_column_4 et_pb_column et-last-child et_flex_column et_pb_css_mix_blend_mode_passthrough et_flex_column_12_24 et_flex_column_12_24_tablet et_flex_column_24_24_phone\">\n<div class=\"et_pb_text_2 et_pb_text et_pb_bg_layout_light et_pb_module et_flex_module preset--module--divi-text--default\"><div class=\"et_pb_text_inner\"><p style=\"text-align: center;\"><span style=\"color: #ffffff;\"><strong>Clientes<\/strong><\/span><br \/><span style=\"color: #ffffff;\">Que conf\u00edan en la excelencia de GENERALI<\/span><\/p>\n<\/div><\/div>\n<\/div>\n<\/div>\n<\/div>\n\n<div class=\"et_pb_section_3 et_pb_section et_section_regular et_flex_section\">\n<div class=\"et_pb_row_4 et_pb_row et_flex_row\">\n<div class=\"et_pb_column_5 et_pb_column et-last-child et_flex_column et_pb_css_mix_blend_mode_passthrough et_flex_column_24_24 et_flex_column_24_24_tablet et_flex_column_24_24_phone\">\n<div class=\"et_pb_text_3 et_pb_text et_pb_bg_layout_light et_pb_module et_flex_module preset--module--divi-text--default\"><div class=\"et_pb_text_inner\"><p><span style=\"color: #000000;\">En esta secci\u00f3n descubrir\u00e1s la trayectoria de GENERALI, una Compa\u00f1\u00eda con m\u00e1s de 170 a\u00f1os de historia, que ha sabido adaptarse a las exigencias del mercado y que hoy es l\u00edder en el mercado de los seguros, la asistencia y los servicios financieros.<\/span><\/p>\n<p><span style=\"color: #000000;\">\u00a0<\/span><\/p>\n<p><span style=\"color: #000000;\">Caracterizado por una fuerte vocaci\u00f3n internacional y presente en m\u00e1s de 60 pa\u00edses, GENERALIha consolidado su posici\u00f3n entre los operadores de\u00a0<strong>seguros l\u00edderes<\/strong>\u00a0en el mundo, con cuotas de mercado muy significativas.<\/span><\/p>\n<p><span style=\"color: #000000;\">\u00a0<\/span><\/p>\n<p><span style=\"color: #000000;\">El compromiso de nuestros profesionales es total para su satisfacci\u00f3n Nuestra actividad se distingue por la excelente calidad de su servicio, la constante innovaci\u00f3n y el trato especializado para cada cliente.<\/span><\/p>\n<p><span style=\"color: #000000;\">\u00a0<\/span><\/p>\n<p><span style=\"color: #000000;\">El\u00a0<strong>Grupo GENERALI<\/strong>\u00a0tiene operaciones de seguros en m\u00e1s de 50 mercados mediante una red de unas 140 sucursales y filiales, as\u00ed como tambi\u00e9n a trav\u00e9s de varias oficinas especializadas que brindan ayuda a clientes multinacionales.<\/span><\/p>\n<p><span style=\"color: #000000;\">\u00a0<\/span><\/p>\n<p><span style=\"color: #000000;\">Te mostramos la estructura y\u00a0<strong>actividad de la Compa\u00f1\u00eda<\/strong>, as\u00ed como sus compromisos en el desarrollo de pol\u00edticas de\u00a0<strong>Responsabilidad Social Corporativa<\/strong>.<\/span><\/p>\n<p><span style=\"color: #000000;\">\u00a0<\/span><\/p>\n<p><span style=\"color: #000000;\">Adem\u00e1s podr\u00e1s conocer la actualidad de GENERALI consultando las noticias y notas de prensa difundidas a todos los medios y a trav\u00e9s de su Canal TV<\/span><\/p>\n<\/div><\/div>\n<\/div>\n<\/div>\n<\/div>\n\n<div class=\"et_pb_section_4 et_pb_section et_section_regular et_flex_section\">\n<div class=\"et_pb_row_5 et_pb_row et_flex_row\">\n<div class=\"et_pb_column_6 et_pb_column et-last-child et_flex_column et_pb_css_mix_blend_mode_passthrough et_flex_column_24_24 et_flex_column_24_24_tablet et_flex_column_24_24_phone\">\n<div class=\"et_pb_heading_4 et_pb_heading et_pb_module et_flex_module preset--module--divi-heading--default\"><div class=\"et_pb_heading_container\"><h2 class=\"et_pb_module_header\">M\u00e1s informaci\u00f3n sobre GENERALI<\/h2><\/div><\/div>\n<\/div>\n<\/div>\n<\/div>\n\n<div class=\"et_pb_section_5 et_pb_section et_section_regular et_flex_section\">\n<div class=\"et_pb_row_6 et_pb_row et_flex_row\">\n<div class=\"et_pb_column_7 et_pb_column et-last-child et_flex_column et_pb_css_mix_blend_mode_passthrough et_flex_column_24_24 et_flex_column_24_24_tablet et_flex_column_24_24_phone\">\n<div class=\"et_pb_toggle_0 et_pb_toggle et_pb_toggle_item et_pb_toggle_close et_pb_module et_flex_module preset--module--divi-toggle--default\"><h5 class=\"et_pb_toggle_title\">LA COMPA\u00d1IA<\/h5><div class=\"et_pb_toggle_content clearfix et_flex_module\"><p>A continuaci\u00f3n os ofrecemos la informaci\u00f3n de<span>\u00a0<\/span><strong>contacto<\/strong><span>\u00a0<\/span>de GENERALI:<\/p>\n<ul>\n<li><strong>Raz\u00f3n Social:<\/strong><span>\u00a0<\/span>GENERALI Espa\u00f1a de Seguros y Reaseguros, S.A.<\/li>\n<li><strong>Marca comercial:<\/strong><span>\u00a0<\/span>GENERALI<\/li>\n<li><strong>CIF:<\/strong><span>\u00a0<\/span>A48037642<\/li>\n<li><strong>N\u00ba D.G.S:<\/strong><span>\u00a0<\/span>C0467<\/li>\n<li><strong>Servicio de Atenci\u00f3n al Cliente:<\/strong><span>\u00a0<\/span>900 90 34 33 \/ 91 112 34 43<\/li>\n<li><strong>E-mail contacto:<\/strong><span>\u00a0<\/span><a href=\"mailto:%20servicioatencionalcliente.es@generali.com\">servicioatencionalcliente.es@generali.com<\/a><\/li>\n<li><strong>Servicio de Quejas y Reclamaciones:<\/strong><span>\u00a0<\/span>Do\u00f1a Raquel Pineda Delgado<\/li>\n<li><strong>Sede Social:<\/strong><span>\u00a0<\/span>Pl. de Manuel G\u00f3mez-Moreno 5, 28020 Madrid. (Esta oficina no ofrece atenci\u00f3n comercial directa al p\u00fablico.<\/li>\n<li><strong>Estatutos Sociales<span>\u00a0<\/span><\/strong>(EESS):<span>\u00a0<\/span><a href=\"https:\/\/www.generali.es\/sites\/default\/files\/2025-12\/estatutos-sociales-de-generali-espana-de-seguros-y-reaseguros-sa.pdf\">Ver documento<\/a>.<\/li>\n<\/ul>\n<\/div><\/div>\n\n<div class=\"et_pb_toggle_1 et_pb_toggle et_pb_toggle_item et_pb_toggle_close et_pb_module et_flex_module preset--module--divi-toggle--default\"><h5 class=\"et_pb_toggle_title\">HISTORIA<\/h5><div class=\"et_pb_toggle_content clearfix et_flex_module\"><p><main role=\"main\"><\/main><\/p>\n<div class=\"layout-content\">\n<div class=\"region region-content\">\n<div id=\"block-generali-content\" class=\"block block-system block-system-main-block\">\n<article class=\"node node--type-advanced-page node--view-mode-full\">\n<div class=\"node__content\">\n<div class=\"field field--name-field-paragraphs field--type-entity-reference-revisions field--label-hidden field__items\">\n<div class=\"field__item\">\n<div class=\"paragraph paragraph--type--text paragraph--view-mode--default c_text\" id=\"\">\n<div class=\"subtext\">\n<p class=\"text-align-center\" style=\"text-align: center;\">Conoce los principales hitos de la historia de GENERALI Espa\u00f1a<\/p>\n<\/div>\n<\/div>\n<\/div>\n<div class=\"field__item\">\n<div class=\"paragraph paragraph--type--text paragraph--view-mode--default c_text\" id=\"\">\n<div class=\"h_title\"><\/div>\n<div class=\"subtext\">\n<p><span>1834<\/span><br \/>GENERALI se establece en Espa\u00f1a.<\/p>\n<p><span>1992<\/span><br \/>Banco Vitalicio y Seguros La Estrella pasan a formar parte de Grupo GENERALI.<\/p>\n<p><span>2004<\/span><br \/>GENERALI firma un acuerdo de joint venture con Cajamar para la constituci\u00f3n de CAJAMAR VIDA.<\/p>\n<p><span>2010<\/span><br \/>Vitalicio y Estrella Seguros se integran para operar bajo la marca GENERALI Seguros.<\/p>\n<p><span>2014<\/span><br \/>GENERALI renueva su identidad corporativa.<\/p>\n<p><span>2018<\/span><br \/>GENERALI lanza su acci\u00f3n social a nivel global, The Human Safety Net, para ayudar a los colectivos m\u00e1s necesitados. En Espa\u00f1a, The Human Safety Net apoya a las familias en riesgo de exclusi\u00f3n social por pobreza con ni\u00f1os de 0 a 6 a\u00f1os.<\/p>\n<p><span>2020<\/span><br \/>GENERALI lanza su primera campa\u00f1a de marca global que destaca la Actitud Rojo Generali, para ser socio de por vida de sus clientes.<\/p>\n<p><span>2021<\/span><br \/>GENERALI cumple 190 a\u00f1os desde su constituci\u00f3n en Trieste. En conmemoraci\u00f3n de este aniversario, Generali dota con 3.500 millones de euros el Fondo Fenice, destinado a apoyar la recuperaci\u00f3n de las econom\u00edas en las que el Grupo est\u00e1 presente.<\/p>\n<\/div>\n<\/div>\n<\/div>\n<\/div>\n<\/div>\n<\/article>\n<\/div>\n<\/div>\n<\/div>\n<\/div><\/div>\n\n<div class=\"et_pb_toggle_2 et_pb_toggle et_pb_toggle_item et_pb_toggle_close et_pb_module et_flex_module preset--module--divi-toggle--default\"><h5 class=\"et_pb_toggle_title\">GENERALI ESPA\u00d1A<\/h5><div class=\"et_pb_toggle_content clearfix et_flex_module\">\n<\/div><\/div>\n\n<div class=\"et_pb_toggle_3 et_pb_toggle et_pb_toggle_item et_pb_toggle_close et_pb_module et_flex_module preset--module--divi-toggle--default\"><h5 class=\"et_pb_toggle_title\">GENERALI EN EL MUNDO<\/h5><div class=\"et_pb_toggle_content clearfix et_flex_module\"><p><span>Fundado en 1831, est\u00e1 presente en m\u00e1s de 50 pa\u00edses en el mundo, con unos ingresos totales por primas de 95.200 millones de euros en 2024. Con alrededor de 87.000 empleados que atienden a 71 millones de clientes, el Grupo ocupa una posici\u00f3n de liderazgo en Europa y cuenta con una presencia creciente en Asia y Am\u00e9rica Latina. El <\/span><a href=\"https:\/\/www.generali.com\/\">Grupo Generali<\/a><span>\u00a0ha integrado plenamente la sostenibilidad en todas las elecciones estrat\u00e9gicas, con el objetivo de crear valor para todos los stakeholders mientras contribuye a la construcci\u00f3n de una sociedad m\u00e1s justa y resiliente.<\/span><\/p>\n<p><span>En los \u00faltimos a\u00f1os, hemos pasado por una\u00a0<a href=\"https:\/\/www.generali.com\/who-we-are\/our-management\"><strong>importante reorganizaci\u00f3n estrat\u00e9gica<\/strong><\/a>\u00a0que nos ha permitido centrarnos m\u00e1s en nuestra actividad principal, mantener una mayor disciplina en la gesti\u00f3n de nuestros activos y establecer una gobernanza m\u00e1s sencilla y transparente. Este proceso nos ha llevado a una nueva fase, basada en modelos de negocio m\u00e1s eficientes, estrategias comerciales innovadoras y una marca m\u00e1s fuerte y global.<\/span><\/p>\n<\/div><\/div>\n\n<div class=\"et_pb_toggle_4 et_pb_toggle et_pb_toggle_item et_pb_toggle_close et_pb_module et_flex_module preset--module--divi-toggle--default\"><h5 class=\"et_pb_toggle_title\">RESPONSABILIDAD SOCIAL<\/h5><div class=\"et_pb_toggle_content clearfix et_flex_module\"><p>En Generali, todo lo que hacemos se basa en la noci\u00f3n de que la verdadera prosperidad econ\u00f3mica s\u00f3lo puede lograrse si se construye sobre bases socialmente justas y respetuosas con el medio ambiente. Por eso la<span>\u00a0<\/span><a href=\"https:\/\/www.generali.com\/sustainability\/responsible-business\">sostenibilidad<\/a><span>\u00a0<\/span>ha sido el originador de la estrategia<span>\u00a0<\/span><a href=\"https:\/\/www.generali.com\/who-we-are\/Strategic-Plan-Lifetime-Partner-24\">\u201cLifetime Partner 24: Driving Growth\u201d<\/a>.<\/p>\n<p>En la nueva estrategia Lifetime Partner 27: Driving Excellence, la sostenibilidad est\u00e1 a\u00fan m\u00e1s arraigada en el objetivo de Generali de integrar la sostenibilidad en su negocio y operaciones principales, aline\u00e1ndose con los compromisos de ser un asegurador, inversor, empleador y ciudadano corporativo responsable.<\/p>\n<p>Se trata de vivir nuestro<span>\u00a0<\/span><a href=\"https:\/\/www.generali.com\/who-we-are\/our-culture\">prop\u00f3sito<\/a>: \"permitir que las personas puedan construir un futuro m\u00e1s seguro y sostenible, cuidando sus vidas y sue\u00f1os\". Con el fin de crear un valor sostenible a largo plazo, identificamos cuatro roles responsables que desempe\u00f1ar: inversor, asegurador, empleador y ciudadano corporativo.<\/p>\n<p>Tu contenido va aqu\u00ed. Edita o elimina este texto en l\u00ednea o en la configuraci\u00f3n de Contenido del m\u00f3dulo. Tambi\u00e9n puedes dar estilo a cada aspecto de este contenido en la configuraci\u00f3n de Dise\u00f1o del m\u00f3dulo e incluso aplicar CSS personalizado a este texto en la configuraci\u00f3n Avanzada del m\u00f3dulo.<\/p>\n<p><span><\/span><\/p>\n<\/div><\/div>\n<\/div>\n<\/div>\n<\/div>","protected":false},"excerpt":{"rendered":"","protected":false},"author":1,"featured_media":0,"parent":0,"menu_order":0,"comment_status":"closed","ping_status":"closed","template":"","meta":{"footnotes":""},"class_list":["post-180","page","type-page","status-publish","hentry"],"_links":{"self":[{"href":"https:\/\/generalisanjuan.com\/index.php\/wp-json\/wp\/v2\/pages\/180","targetHints":{"allow":["GET"]}}],"collection":[{"href":"https:\/\/generalisanjuan.com\/index.php\/wp-json\/wp\/v2\/pages"}],"about":[{"href":"https:\/\/generalisanjuan.com\/index.php\/wp-json\/wp\/v2\/types\/page"}],"author":[{"embeddable":true,"href":"https:\/\/generalisanjuan.com\/index.php\/wp-json\/wp\/v2\/users\/1"}],"replies":[{"embeddable":true,"href":"https:\/\/generalisanjuan.com\/index.php\/wp-json\/wp\/v2\/comments?post=180"}],"version-history":[{"count":10,"href":"https:\/\/generalisanjuan.com\/index.php\/wp-json\/wp\/v2\/pages\/180\/revisions"}],"predecessor-version":[{"id":259,"href":"https:\/\/generalisanjuan.com\/index.php\/wp-json\/wp\/v2\/pages\/180\/revisions\/259"}],"wp:attachment":[{"href":"https:\/\/generalisanjuan.com\/index.php\/wp-json\/wp\/v2\/media?parent=180"}],"curies":[{"name":"wp","href":"https:\/\/api.w.org\/{rel}","templated":true}]}}